{"id":331,"date":"2025-08-29T10:54:57","date_gmt":"2025-08-29T10:54:57","guid":{"rendered":"https:\/\/taniafreitas.com\/lp\/?post_type=product&#038;p=331"},"modified":"2025-08-29T10:54:58","modified_gmt":"2025-08-29T10:54:58","slug":"muda-a-hora-muda-o-teu-sono-audio-aulas","status":"publish","type":"product","link":"https:\/\/taniafreitas.com\/lp\/produto\/muda-a-hora-muda-o-teu-sono-audio-aulas\/","title":{"rendered":"Muda a hora Muda o teu sono &#8211; \u00c1udio aulas"},"content":{"rendered":"<p>Muda a hora Muda o teu sono s\u00e3o \u00e1udio aulas que te v\u00e3o ajudar a adaptar o corpo e a mente para a mudan\u00e7a da hora. Porque sim, n\u00f3s e a nossa familia sofrem com esta mudan\u00e7a de 60 minutos.<\/p>\n","protected":false},"excerpt":{"rendered":"<p>Muda a hora Muda o teu sono s\u00e3o \u00e1udio aulas que te v\u00e3o ajudar a adaptar o corpo e a mente para a mudan\u00e7a da hora. Porque sim, n\u00f3s e a nossa familia sofrem com esta mudan\u00e7a de 60 minutos.<\/p>\n","protected":false},"featured_media":329,"comment_status":"open","ping_status":"closed","template":"","meta":[],"product_brand":[],"product_cat":[16],"product_tag":[],"class_list":{"0":"post-331","1":"product","2":"type-product","3":"status-publish","4":"has-post-thumbnail","6":"product_cat-sem-categoria","8":"first","9":"instock","10":"purchasable","11":"product-type-simple"},"yoast_head":"<!-- This site is optimized with the Yoast SEO plugin v27.5 - https:\/\/yoast.com\/product\/yoast-seo-wordpress\/ -->\n<title>Muda a hora Muda o teu sono - \u00c1udio aulas - T&acirc;nia Freitas<\/title>\n<meta name=\"robots\" content=\"index, follow, max-snippet:-1, max-image-preview:large, max-video-preview:-1\" \/>\n<link rel=\"canonical\" href=\"https:\/\/taniafreitas.com\/lp\/produto\/muda-a-hora-muda-o-teu-sono-audio-aulas\/\" \/>\n<meta property=\"og:locale\" content=\"pt_PT\" \/>\n<meta property=\"og:type\" content=\"article\" \/>\n<meta property=\"og:title\" content=\"Muda a hora Muda o teu sono - \u00c1udio aulas - T&acirc;nia Freitas\" \/>\n<meta property=\"og:description\" content=\"Muda a hora Muda o teu sono s\u00e3o \u00e1udio aulas que te v\u00e3o ajudar a adaptar o corpo e a mente para a mudan\u00e7a da hora. Porque sim, n\u00f3s e a nossa familia sofrem com esta mudan\u00e7a de 60 minutos.\" \/>\n<meta property=\"og:url\" content=\"https:\/\/taniafreitas.com\/lp\/produto\/muda-a-hora-muda-o-teu-sono-audio-aulas\/\" \/>\n<meta property=\"og:site_name\" content=\"T&acirc;nia Freitas\" \/>\n<meta property=\"article:modified_time\" content=\"2025-08-29T10:54:58+00:00\" \/>\n<meta property=\"og:image\" content=\"https:\/\/taniafreitas.com\/lp\/wp-content\/uploads\/2025\/08\/Desafio-21-dias8.png\" \/>\n\t<meta property=\"og:image:width\" content=\"1120\" \/>\n\t<meta property=\"og:image:height\" content=\"1120\" \/>\n\t<meta property=\"og:image:type\" content=\"image\/png\" \/>\n<meta name=\"twitter:card\" content=\"summary_large_image\" \/>\n<meta name=\"twitter:label1\" content=\"Tempo estimado de leitura\" \/>\n\t<meta name=\"twitter:data1\" content=\"1 minuto\" \/>\n<script type=\"application\/ld+json\" class=\"yoast-schema-graph\">{\"@context\":\"https:\\\/\\\/schema.org\",\"@graph\":[{\"@type\":\"WebPage\",\"@id\":\"https:\\\/\\\/taniafreitas.com\\\/lp\\\/produto\\\/muda-a-hora-muda-o-teu-sono-audio-aulas\\\/\",\"url\":\"https:\\\/\\\/taniafreitas.com\\\/lp\\\/produto\\\/muda-a-hora-muda-o-teu-sono-audio-aulas\\\/\",\"name\":\"Muda a hora Muda o teu sono - \u00c1udio aulas - T&acirc;nia Freitas\",\"isPartOf\":{\"@id\":\"https:\\\/\\\/taniafreitas.com\\\/lp\\\/#website\"},\"primaryImageOfPage\":{\"@id\":\"https:\\\/\\\/taniafreitas.com\\\/lp\\\/produto\\\/muda-a-hora-muda-o-teu-sono-audio-aulas\\\/#primaryimage\"},\"image\":{\"@id\":\"https:\\\/\\\/taniafreitas.com\\\/lp\\\/produto\\\/muda-a-hora-muda-o-teu-sono-audio-aulas\\\/#primaryimage\"},\"thumbnailUrl\":\"https:\\\/\\\/taniafreitas.com\\\/lp\\\/wp-content\\\/uploads\\\/2025\\\/08\\\/Desafio-21-dias8.png\",\"datePublished\":\"2025-08-29T10:54:57+00:00\",\"dateModified\":\"2025-08-29T10:54:58+00:00\",\"breadcrumb\":{\"@id\":\"https:\\\/\\\/taniafreitas.com\\\/lp\\\/produto\\\/muda-a-hora-muda-o-teu-sono-audio-aulas\\\/#breadcrumb\"},\"inLanguage\":\"pt-PT\",\"potentialAction\":[{\"@type\":\"ReadAction\",\"target\":[\"https:\\\/\\\/taniafreitas.com\\\/lp\\\/produto\\\/muda-a-hora-muda-o-teu-sono-audio-aulas\\\/\"]}]},{\"@type\":\"ImageObject\",\"inLanguage\":\"pt-PT\",\"@id\":\"https:\\\/\\\/taniafreitas.com\\\/lp\\\/produto\\\/muda-a-hora-muda-o-teu-sono-audio-aulas\\\/#primaryimage\",\"url\":\"https:\\\/\\\/taniafreitas.com\\\/lp\\\/wp-content\\\/uploads\\\/2025\\\/08\\\/Desafio-21-dias8.png\",\"contentUrl\":\"https:\\\/\\\/taniafreitas.com\\\/lp\\\/wp-content\\\/uploads\\\/2025\\\/08\\\/Desafio-21-dias8.png\",\"width\":1120,\"height\":1120},{\"@type\":\"BreadcrumbList\",\"@id\":\"https:\\\/\\\/taniafreitas.com\\\/lp\\\/produto\\\/muda-a-hora-muda-o-teu-sono-audio-aulas\\\/#breadcrumb\",\"itemListElement\":[{\"@type\":\"ListItem\",\"position\":1,\"name\":\"In\u00edcio\",\"item\":\"https:\\\/\\\/taniafreitas.com\\\/lp\\\/\"},{\"@type\":\"ListItem\",\"position\":2,\"name\":\"Loja\",\"item\":\"https:\\\/\\\/taniafreitas.com\\\/lp\\\/\"},{\"@type\":\"ListItem\",\"position\":3,\"name\":\"Muda a hora Muda o teu sono &#8211; \u00c1udio aulas\"}]},{\"@type\":\"WebSite\",\"@id\":\"https:\\\/\\\/taniafreitas.com\\\/lp\\\/#website\",\"url\":\"https:\\\/\\\/taniafreitas.com\\\/lp\\\/\",\"name\":\"taniafreitas.com\",\"description\":\"T\u00e2niaFreitas\",\"publisher\":{\"@id\":\"https:\\\/\\\/taniafreitas.com\\\/lp\\\/#\\\/schema\\\/person\\\/b8038c06aa1ee1ea2ce4490dc736b834\"},\"potentialAction\":[{\"@type\":\"SearchAction\",\"target\":{\"@type\":\"EntryPoint\",\"urlTemplate\":\"https:\\\/\\\/taniafreitas.com\\\/lp\\\/?s={search_term_string}\"},\"query-input\":{\"@type\":\"PropertyValueSpecification\",\"valueRequired\":true,\"valueName\":\"search_term_string\"}}],\"inLanguage\":\"pt-PT\"},{\"@type\":[\"Person\",\"Organization\"],\"@id\":\"https:\\\/\\\/taniafreitas.com\\\/lp\\\/#\\\/schema\\\/person\\\/b8038c06aa1ee1ea2ce4490dc736b834\",\"name\":\"taniafreitas\",\"image\":{\"@type\":\"ImageObject\",\"inLanguage\":\"pt-PT\",\"@id\":\"https:\\\/\\\/secure.gravatar.com\\\/avatar\\\/437b3b12a8e0536e1001313623c73e847d24c865eadfd9555a8d6e6d71e799c1?s=96&d=mm&r=g\",\"url\":\"https:\\\/\\\/secure.gravatar.com\\\/avatar\\\/437b3b12a8e0536e1001313623c73e847d24c865eadfd9555a8d6e6d71e799c1?s=96&d=mm&r=g\",\"contentUrl\":\"https:\\\/\\\/secure.gravatar.com\\\/avatar\\\/437b3b12a8e0536e1001313623c73e847d24c865eadfd9555a8d6e6d71e799c1?s=96&d=mm&r=g\",\"caption\":\"taniafreitas\"},\"logo\":{\"@id\":\"https:\\\/\\\/secure.gravatar.com\\\/avatar\\\/437b3b12a8e0536e1001313623c73e847d24c865eadfd9555a8d6e6d71e799c1?s=96&d=mm&r=g\"},\"sameAs\":[\"https:\\\/\\\/taniafreitas.com\\\/lp\"]}]}<\/script>\n<!-- \/ Yoast SEO plugin. -->","yoast_head_json":{"title":"Muda a hora Muda o teu sono - \u00c1udio aulas - T&acirc;nia Freitas","robots":{"index":"index","follow":"follow","max-snippet":"max-snippet:-1","max-image-preview":"max-image-preview:large","max-video-preview":"max-video-preview:-1"},"canonical":"https:\/\/taniafreitas.com\/lp\/produto\/muda-a-hora-muda-o-teu-sono-audio-aulas\/","og_locale":"pt_PT","og_type":"article","og_title":"Muda a hora Muda o teu sono - \u00c1udio aulas - T&acirc;nia Freitas","og_description":"Muda a hora Muda o teu sono s\u00e3o \u00e1udio aulas que te v\u00e3o ajudar a adaptar o corpo e a mente para a mudan\u00e7a da hora. Porque sim, n\u00f3s e a nossa familia sofrem com esta mudan\u00e7a de 60 minutos.","og_url":"https:\/\/taniafreitas.com\/lp\/produto\/muda-a-hora-muda-o-teu-sono-audio-aulas\/","og_site_name":"T&acirc;nia Freitas","article_modified_time":"2025-08-29T10:54:58+00:00","og_image":[{"width":1120,"height":1120,"url":"https:\/\/taniafreitas.com\/lp\/wp-content\/uploads\/2025\/08\/Desafio-21-dias8.png","type":"image\/png"}],"twitter_card":"summary_large_image","twitter_misc":{"Tempo estimado de leitura":"1 minuto"},"schema":{"@context":"https:\/\/schema.org","@graph":[{"@type":"WebPage","@id":"https:\/\/taniafreitas.com\/lp\/produto\/muda-a-hora-muda-o-teu-sono-audio-aulas\/","url":"https:\/\/taniafreitas.com\/lp\/produto\/muda-a-hora-muda-o-teu-sono-audio-aulas\/","name":"Muda a hora Muda o teu sono - \u00c1udio aulas - T&acirc;nia Freitas","isPartOf":{"@id":"https:\/\/taniafreitas.com\/lp\/#website"},"primaryImageOfPage":{"@id":"https:\/\/taniafreitas.com\/lp\/produto\/muda-a-hora-muda-o-teu-sono-audio-aulas\/#primaryimage"},"image":{"@id":"https:\/\/taniafreitas.com\/lp\/produto\/muda-a-hora-muda-o-teu-sono-audio-aulas\/#primaryimage"},"thumbnailUrl":"https:\/\/taniafreitas.com\/lp\/wp-content\/uploads\/2025\/08\/Desafio-21-dias8.png","datePublished":"2025-08-29T10:54:57+00:00","dateModified":"2025-08-29T10:54:58+00:00","breadcrumb":{"@id":"https:\/\/taniafreitas.com\/lp\/produto\/muda-a-hora-muda-o-teu-sono-audio-aulas\/#breadcrumb"},"inLanguage":"pt-PT","potentialAction":[{"@type":"ReadAction","target":["https:\/\/taniafreitas.com\/lp\/produto\/muda-a-hora-muda-o-teu-sono-audio-aulas\/"]}]},{"@type":"ImageObject","inLanguage":"pt-PT","@id":"https:\/\/taniafreitas.com\/lp\/produto\/muda-a-hora-muda-o-teu-sono-audio-aulas\/#primaryimage","url":"https:\/\/taniafreitas.com\/lp\/wp-content\/uploads\/2025\/08\/Desafio-21-dias8.png","contentUrl":"https:\/\/taniafreitas.com\/lp\/wp-content\/uploads\/2025\/08\/Desafio-21-dias8.png","width":1120,"height":1120},{"@type":"BreadcrumbList","@id":"https:\/\/taniafreitas.com\/lp\/produto\/muda-a-hora-muda-o-teu-sono-audio-aulas\/#breadcrumb","itemListElement":[{"@type":"ListItem","position":1,"name":"In\u00edcio","item":"https:\/\/taniafreitas.com\/lp\/"},{"@type":"ListItem","position":2,"name":"Loja","item":"https:\/\/taniafreitas.com\/lp\/"},{"@type":"ListItem","position":3,"name":"Muda a hora Muda o teu sono &#8211; \u00c1udio aulas"}]},{"@type":"WebSite","@id":"https:\/\/taniafreitas.com\/lp\/#website","url":"https:\/\/taniafreitas.com\/lp\/","name":"taniafreitas.com","description":"T\u00e2niaFreitas","publisher":{"@id":"https:\/\/taniafreitas.com\/lp\/#\/schema\/person\/b8038c06aa1ee1ea2ce4490dc736b834"},"potentialAction":[{"@type":"SearchAction","target":{"@type":"EntryPoint","urlTemplate":"https:\/\/taniafreitas.com\/lp\/?s={search_term_string}"},"query-input":{"@type":"PropertyValueSpecification","valueRequired":true,"valueName":"search_term_string"}}],"inLanguage":"pt-PT"},{"@type":["Person","Organization"],"@id":"https:\/\/taniafreitas.com\/lp\/#\/schema\/person\/b8038c06aa1ee1ea2ce4490dc736b834","name":"taniafreitas","image":{"@type":"ImageObject","inLanguage":"pt-PT","@id":"https:\/\/secure.gravatar.com\/avatar\/437b3b12a8e0536e1001313623c73e847d24c865eadfd9555a8d6e6d71e799c1?s=96&d=mm&r=g","url":"https:\/\/secure.gravatar.com\/avatar\/437b3b12a8e0536e1001313623c73e847d24c865eadfd9555a8d6e6d71e799c1?s=96&d=mm&r=g","contentUrl":"https:\/\/secure.gravatar.com\/avatar\/437b3b12a8e0536e1001313623c73e847d24c865eadfd9555a8d6e6d71e799c1?s=96&d=mm&r=g","caption":"taniafreitas"},"logo":{"@id":"https:\/\/secure.gravatar.com\/avatar\/437b3b12a8e0536e1001313623c73e847d24c865eadfd9555a8d6e6d71e799c1?s=96&d=mm&r=g"},"sameAs":["https:\/\/taniafreitas.com\/lp"]}]}},"_links":{"self":[{"href":"https:\/\/taniafreitas.com\/lp\/wp-json\/wp\/v2\/product\/331","targetHints":{"allow":["GET"]}}],"collection":[{"href":"https:\/\/taniafreitas.com\/lp\/wp-json\/wp\/v2\/product"}],"about":[{"href":"https:\/\/taniafreitas.com\/lp\/wp-json\/wp\/v2\/types\/product"}],"replies":[{"embeddable":true,"href":"https:\/\/taniafreitas.com\/lp\/wp-json\/wp\/v2\/comments?post=331"}],"wp:featuredmedia":[{"embeddable":true,"href":"https:\/\/taniafreitas.com\/lp\/wp-json\/wp\/v2\/media\/329"}],"wp:attachment":[{"href":"https:\/\/taniafreitas.com\/lp\/wp-json\/wp\/v2\/media?parent=331"}],"wp:term":[{"taxonomy":"product_brand","embeddable":true,"href":"https:\/\/taniafreitas.com\/lp\/wp-json\/wp\/v2\/product_brand?post=331"},{"taxonomy":"product_cat","embeddable":true,"href":"https:\/\/taniafreitas.com\/lp\/wp-json\/wp\/v2\/product_cat?post=331"},{"taxonomy":"product_tag","embeddable":true,"href":"https:\/\/taniafreitas.com\/lp\/wp-json\/wp\/v2\/product_tag?post=331"}],"curies":[{"name":"wp","href":"https:\/\/api.w.org\/{rel}","templated":true}]}}