{"id":328,"date":"2025-08-29T10:47:23","date_gmt":"2025-08-29T10:47:23","guid":{"rendered":"https:\/\/taniafreitas.com\/lp\/?post_type=product&#038;p=328"},"modified":"2025-09-11T15:12:49","modified_gmt":"2025-09-11T15:12:49","slug":"o-segredo-para-noites-tranquilas-audio-curso","status":"publish","type":"product","link":"https:\/\/taniafreitas.com\/lp\/produto\/o-segredo-para-noites-tranquilas-audio-curso\/","title":{"rendered":"O segredo para noites Tranquilas &#8211; \u00c1udio Curso"},"content":{"rendered":"<p>O segredo para noites tranquilas \u00e9 um \u00e1udio curso que te vais ajudar a iniciar o processo de mudan\u00e7a no teu sono!<\/p>\n","protected":false},"excerpt":{"rendered":"<p>O segredo para noites tranquilas \u00e9 um \u00e1udio curso que te vais ajudar a iniciar o processo de mudan\u00e7a no teu sono!<\/p>\n","protected":false},"featured_media":350,"comment_status":"open","ping_status":"closed","template":"","meta":[],"product_brand":[],"product_cat":[16],"product_tag":[],"class_list":{"0":"post-328","1":"product","2":"type-product","3":"status-publish","4":"has-post-thumbnail","6":"product_cat-sem-categoria","8":"first","9":"instock","10":"purchasable","11":"product-type-simple"},"yoast_head":"<!-- This site is optimized with the Yoast SEO plugin v27.5 - https:\/\/yoast.com\/product\/yoast-seo-wordpress\/ -->\n<title>O segredo para noites Tranquilas - \u00c1udio Curso - T&acirc;nia Freitas<\/title>\n<meta name=\"robots\" content=\"index, follow, max-snippet:-1, max-image-preview:large, max-video-preview:-1\" \/>\n<link rel=\"canonical\" href=\"https:\/\/taniafreitas.com\/lp\/produto\/o-segredo-para-noites-tranquilas-audio-curso\/\" \/>\n<meta property=\"og:locale\" content=\"pt_PT\" \/>\n<meta property=\"og:type\" content=\"article\" \/>\n<meta property=\"og:title\" content=\"O segredo para noites Tranquilas - \u00c1udio Curso - T&acirc;nia Freitas\" \/>\n<meta property=\"og:description\" content=\"O segredo para noites tranquilas \u00e9 um \u00e1udio curso que te vais ajudar a iniciar o processo de mudan\u00e7a no teu sono!\" \/>\n<meta property=\"og:url\" content=\"https:\/\/taniafreitas.com\/lp\/produto\/o-segredo-para-noites-tranquilas-audio-curso\/\" \/>\n<meta property=\"og:site_name\" content=\"T&acirc;nia Freitas\" \/>\n<meta property=\"article:modified_time\" content=\"2025-09-11T15:12:49+00:00\" \/>\n<meta property=\"og:image\" content=\"https:\/\/taniafreitas.com\/lp\/wp-content\/uploads\/2025\/08\/Desafio-21-dias6.png\" \/>\n\t<meta property=\"og:image:width\" content=\"1120\" \/>\n\t<meta property=\"og:image:height\" content=\"1120\" \/>\n\t<meta property=\"og:image:type\" content=\"image\/png\" \/>\n<meta name=\"twitter:card\" content=\"summary_large_image\" \/>\n<meta name=\"twitter:label1\" content=\"Tempo estimado de leitura\" \/>\n\t<meta name=\"twitter:data1\" content=\"1 minuto\" \/>\n<script type=\"application\/ld+json\" class=\"yoast-schema-graph\">{\"@context\":\"https:\\\/\\\/schema.org\",\"@graph\":[{\"@type\":\"WebPage\",\"@id\":\"https:\\\/\\\/taniafreitas.com\\\/lp\\\/produto\\\/o-segredo-para-noites-tranquilas-audio-curso\\\/\",\"url\":\"https:\\\/\\\/taniafreitas.com\\\/lp\\\/produto\\\/o-segredo-para-noites-tranquilas-audio-curso\\\/\",\"name\":\"O segredo para noites Tranquilas - \u00c1udio Curso - T&acirc;nia Freitas\",\"isPartOf\":{\"@id\":\"https:\\\/\\\/taniafreitas.com\\\/lp\\\/#website\"},\"primaryImageOfPage\":{\"@id\":\"https:\\\/\\\/taniafreitas.com\\\/lp\\\/produto\\\/o-segredo-para-noites-tranquilas-audio-curso\\\/#primaryimage\"},\"image\":{\"@id\":\"https:\\\/\\\/taniafreitas.com\\\/lp\\\/produto\\\/o-segredo-para-noites-tranquilas-audio-curso\\\/#primaryimage\"},\"thumbnailUrl\":\"https:\\\/\\\/taniafreitas.com\\\/lp\\\/wp-content\\\/uploads\\\/2025\\\/08\\\/Desafio-21-dias6.png\",\"datePublished\":\"2025-08-29T10:47:23+00:00\",\"dateModified\":\"2025-09-11T15:12:49+00:00\",\"breadcrumb\":{\"@id\":\"https:\\\/\\\/taniafreitas.com\\\/lp\\\/produto\\\/o-segredo-para-noites-tranquilas-audio-curso\\\/#breadcrumb\"},\"inLanguage\":\"pt-PT\",\"potentialAction\":[{\"@type\":\"ReadAction\",\"target\":[\"https:\\\/\\\/taniafreitas.com\\\/lp\\\/produto\\\/o-segredo-para-noites-tranquilas-audio-curso\\\/\"]}]},{\"@type\":\"ImageObject\",\"inLanguage\":\"pt-PT\",\"@id\":\"https:\\\/\\\/taniafreitas.com\\\/lp\\\/produto\\\/o-segredo-para-noites-tranquilas-audio-curso\\\/#primaryimage\",\"url\":\"https:\\\/\\\/taniafreitas.com\\\/lp\\\/wp-content\\\/uploads\\\/2025\\\/08\\\/Desafio-21-dias6.png\",\"contentUrl\":\"https:\\\/\\\/taniafreitas.com\\\/lp\\\/wp-content\\\/uploads\\\/2025\\\/08\\\/Desafio-21-dias6.png\",\"width\":1120,\"height\":1120},{\"@type\":\"BreadcrumbList\",\"@id\":\"https:\\\/\\\/taniafreitas.com\\\/lp\\\/produto\\\/o-segredo-para-noites-tranquilas-audio-curso\\\/#breadcrumb\",\"itemListElement\":[{\"@type\":\"ListItem\",\"position\":1,\"name\":\"In\u00edcio\",\"item\":\"https:\\\/\\\/taniafreitas.com\\\/lp\\\/\"},{\"@type\":\"ListItem\",\"position\":2,\"name\":\"Loja\",\"item\":\"https:\\\/\\\/taniafreitas.com\\\/lp\\\/\"},{\"@type\":\"ListItem\",\"position\":3,\"name\":\"O segredo para noites Tranquilas &#8211; \u00c1udio Curso\"}]},{\"@type\":\"WebSite\",\"@id\":\"https:\\\/\\\/taniafreitas.com\\\/lp\\\/#website\",\"url\":\"https:\\\/\\\/taniafreitas.com\\\/lp\\\/\",\"name\":\"taniafreitas.com\",\"description\":\"T\u00e2niaFreitas\",\"publisher\":{\"@id\":\"https:\\\/\\\/taniafreitas.com\\\/lp\\\/#\\\/schema\\\/person\\\/b8038c06aa1ee1ea2ce4490dc736b834\"},\"potentialAction\":[{\"@type\":\"SearchAction\",\"target\":{\"@type\":\"EntryPoint\",\"urlTemplate\":\"https:\\\/\\\/taniafreitas.com\\\/lp\\\/?s={search_term_string}\"},\"query-input\":{\"@type\":\"PropertyValueSpecification\",\"valueRequired\":true,\"valueName\":\"search_term_string\"}}],\"inLanguage\":\"pt-PT\"},{\"@type\":[\"Person\",\"Organization\"],\"@id\":\"https:\\\/\\\/taniafreitas.com\\\/lp\\\/#\\\/schema\\\/person\\\/b8038c06aa1ee1ea2ce4490dc736b834\",\"name\":\"taniafreitas\",\"image\":{\"@type\":\"ImageObject\",\"inLanguage\":\"pt-PT\",\"@id\":\"https:\\\/\\\/secure.gravatar.com\\\/avatar\\\/437b3b12a8e0536e1001313623c73e847d24c865eadfd9555a8d6e6d71e799c1?s=96&d=mm&r=g\",\"url\":\"https:\\\/\\\/secure.gravatar.com\\\/avatar\\\/437b3b12a8e0536e1001313623c73e847d24c865eadfd9555a8d6e6d71e799c1?s=96&d=mm&r=g\",\"contentUrl\":\"https:\\\/\\\/secure.gravatar.com\\\/avatar\\\/437b3b12a8e0536e1001313623c73e847d24c865eadfd9555a8d6e6d71e799c1?s=96&d=mm&r=g\",\"caption\":\"taniafreitas\"},\"logo\":{\"@id\":\"https:\\\/\\\/secure.gravatar.com\\\/avatar\\\/437b3b12a8e0536e1001313623c73e847d24c865eadfd9555a8d6e6d71e799c1?s=96&d=mm&r=g\"},\"sameAs\":[\"https:\\\/\\\/taniafreitas.com\\\/lp\"]}]}<\/script>\n<!-- \/ Yoast SEO plugin. -->","yoast_head_json":{"title":"O segredo para noites Tranquilas - \u00c1udio Curso - T&acirc;nia Freitas","robots":{"index":"index","follow":"follow","max-snippet":"max-snippet:-1","max-image-preview":"max-image-preview:large","max-video-preview":"max-video-preview:-1"},"canonical":"https:\/\/taniafreitas.com\/lp\/produto\/o-segredo-para-noites-tranquilas-audio-curso\/","og_locale":"pt_PT","og_type":"article","og_title":"O segredo para noites Tranquilas - \u00c1udio Curso - T&acirc;nia Freitas","og_description":"O segredo para noites tranquilas \u00e9 um \u00e1udio curso que te vais ajudar a iniciar o processo de mudan\u00e7a no teu sono!","og_url":"https:\/\/taniafreitas.com\/lp\/produto\/o-segredo-para-noites-tranquilas-audio-curso\/","og_site_name":"T&acirc;nia Freitas","article_modified_time":"2025-09-11T15:12:49+00:00","og_image":[{"width":1120,"height":1120,"url":"https:\/\/taniafreitas.com\/lp\/wp-content\/uploads\/2025\/08\/Desafio-21-dias6.png","type":"image\/png"}],"twitter_card":"summary_large_image","twitter_misc":{"Tempo estimado de leitura":"1 minuto"},"schema":{"@context":"https:\/\/schema.org","@graph":[{"@type":"WebPage","@id":"https:\/\/taniafreitas.com\/lp\/produto\/o-segredo-para-noites-tranquilas-audio-curso\/","url":"https:\/\/taniafreitas.com\/lp\/produto\/o-segredo-para-noites-tranquilas-audio-curso\/","name":"O segredo para noites Tranquilas - \u00c1udio Curso - T&acirc;nia Freitas","isPartOf":{"@id":"https:\/\/taniafreitas.com\/lp\/#website"},"primaryImageOfPage":{"@id":"https:\/\/taniafreitas.com\/lp\/produto\/o-segredo-para-noites-tranquilas-audio-curso\/#primaryimage"},"image":{"@id":"https:\/\/taniafreitas.com\/lp\/produto\/o-segredo-para-noites-tranquilas-audio-curso\/#primaryimage"},"thumbnailUrl":"https:\/\/taniafreitas.com\/lp\/wp-content\/uploads\/2025\/08\/Desafio-21-dias6.png","datePublished":"2025-08-29T10:47:23+00:00","dateModified":"2025-09-11T15:12:49+00:00","breadcrumb":{"@id":"https:\/\/taniafreitas.com\/lp\/produto\/o-segredo-para-noites-tranquilas-audio-curso\/#breadcrumb"},"inLanguage":"pt-PT","potentialAction":[{"@type":"ReadAction","target":["https:\/\/taniafreitas.com\/lp\/produto\/o-segredo-para-noites-tranquilas-audio-curso\/"]}]},{"@type":"ImageObject","inLanguage":"pt-PT","@id":"https:\/\/taniafreitas.com\/lp\/produto\/o-segredo-para-noites-tranquilas-audio-curso\/#primaryimage","url":"https:\/\/taniafreitas.com\/lp\/wp-content\/uploads\/2025\/08\/Desafio-21-dias6.png","contentUrl":"https:\/\/taniafreitas.com\/lp\/wp-content\/uploads\/2025\/08\/Desafio-21-dias6.png","width":1120,"height":1120},{"@type":"BreadcrumbList","@id":"https:\/\/taniafreitas.com\/lp\/produto\/o-segredo-para-noites-tranquilas-audio-curso\/#breadcrumb","itemListElement":[{"@type":"ListItem","position":1,"name":"In\u00edcio","item":"https:\/\/taniafreitas.com\/lp\/"},{"@type":"ListItem","position":2,"name":"Loja","item":"https:\/\/taniafreitas.com\/lp\/"},{"@type":"ListItem","position":3,"name":"O segredo para noites Tranquilas &#8211; \u00c1udio Curso"}]},{"@type":"WebSite","@id":"https:\/\/taniafreitas.com\/lp\/#website","url":"https:\/\/taniafreitas.com\/lp\/","name":"taniafreitas.com","description":"T\u00e2niaFreitas","publisher":{"@id":"https:\/\/taniafreitas.com\/lp\/#\/schema\/person\/b8038c06aa1ee1ea2ce4490dc736b834"},"potentialAction":[{"@type":"SearchAction","target":{"@type":"EntryPoint","urlTemplate":"https:\/\/taniafreitas.com\/lp\/?s={search_term_string}"},"query-input":{"@type":"PropertyValueSpecification","valueRequired":true,"valueName":"search_term_string"}}],"inLanguage":"pt-PT"},{"@type":["Person","Organization"],"@id":"https:\/\/taniafreitas.com\/lp\/#\/schema\/person\/b8038c06aa1ee1ea2ce4490dc736b834","name":"taniafreitas","image":{"@type":"ImageObject","inLanguage":"pt-PT","@id":"https:\/\/secure.gravatar.com\/avatar\/437b3b12a8e0536e1001313623c73e847d24c865eadfd9555a8d6e6d71e799c1?s=96&d=mm&r=g","url":"https:\/\/secure.gravatar.com\/avatar\/437b3b12a8e0536e1001313623c73e847d24c865eadfd9555a8d6e6d71e799c1?s=96&d=mm&r=g","contentUrl":"https:\/\/secure.gravatar.com\/avatar\/437b3b12a8e0536e1001313623c73e847d24c865eadfd9555a8d6e6d71e799c1?s=96&d=mm&r=g","caption":"taniafreitas"},"logo":{"@id":"https:\/\/secure.gravatar.com\/avatar\/437b3b12a8e0536e1001313623c73e847d24c865eadfd9555a8d6e6d71e799c1?s=96&d=mm&r=g"},"sameAs":["https:\/\/taniafreitas.com\/lp"]}]}},"_links":{"self":[{"href":"https:\/\/taniafreitas.com\/lp\/wp-json\/wp\/v2\/product\/328","targetHints":{"allow":["GET"]}}],"collection":[{"href":"https:\/\/taniafreitas.com\/lp\/wp-json\/wp\/v2\/product"}],"about":[{"href":"https:\/\/taniafreitas.com\/lp\/wp-json\/wp\/v2\/types\/product"}],"replies":[{"embeddable":true,"href":"https:\/\/taniafreitas.com\/lp\/wp-json\/wp\/v2\/comments?post=328"}],"wp:featuredmedia":[{"embeddable":true,"href":"https:\/\/taniafreitas.com\/lp\/wp-json\/wp\/v2\/media\/350"}],"wp:attachment":[{"href":"https:\/\/taniafreitas.com\/lp\/wp-json\/wp\/v2\/media?parent=328"}],"wp:term":[{"taxonomy":"product_brand","embeddable":true,"href":"https:\/\/taniafreitas.com\/lp\/wp-json\/wp\/v2\/product_brand?post=328"},{"taxonomy":"product_cat","embeddable":true,"href":"https:\/\/taniafreitas.com\/lp\/wp-json\/wp\/v2\/product_cat?post=328"},{"taxonomy":"product_tag","embeddable":true,"href":"https:\/\/taniafreitas.com\/lp\/wp-json\/wp\/v2\/product_tag?post=328"}],"curies":[{"name":"wp","href":"https:\/\/api.w.org\/{rel}","templated":true}]}}