{"id":246,"date":"2025-07-08T10:29:23","date_gmt":"2025-07-08T10:29:23","guid":{"rendered":"https:\/\/taniafreitas.com\/lp\/?post_type=product&#038;p=246"},"modified":"2026-04-18T15:29:22","modified_gmt":"2026-04-18T15:29:22","slug":"repousa","status":"publish","type":"product","link":"https:\/\/taniafreitas.com\/lp\/produto\/repousa\/","title":{"rendered":"Repousa"},"content":{"rendered":"","protected":false},"excerpt":{"rendered":"<p>Chegou o momento de escolheres descansar de verdade. E n\u00e3o, n\u00e3o \u00e9 s\u00f3 dormir\u2026<\/p>\n","protected":false},"featured_media":0,"comment_status":"open","ping_status":"closed","template":"","meta":[],"product_brand":[],"product_cat":[16],"product_tag":[],"class_list":{"0":"post-246","1":"product","2":"type-product","3":"status-publish","5":"product_cat-sem-categoria","7":"first","8":"instock","9":"purchasable","10":"product-type-simple"},"yoast_head":"<!-- This site is optimized with the Yoast SEO plugin v27.5 - https:\/\/yoast.com\/product\/yoast-seo-wordpress\/ -->\n<title>Repousa - T&acirc;nia Freitas<\/title>\n<meta name=\"robots\" content=\"index, follow, max-snippet:-1, max-image-preview:large, max-video-preview:-1\" \/>\n<link rel=\"canonical\" href=\"https:\/\/taniafreitas.com\/lp\/produto\/repousa\/\" \/>\n<meta property=\"og:locale\" content=\"pt_PT\" \/>\n<meta property=\"og:type\" content=\"article\" \/>\n<meta property=\"og:title\" content=\"Repousa - T&acirc;nia Freitas\" \/>\n<meta property=\"og:description\" content=\"Chegou o momento de escolheres descansar de verdade. E n\u00e3o, n\u00e3o \u00e9 s\u00f3 dormir\u2026\" \/>\n<meta property=\"og:url\" content=\"https:\/\/taniafreitas.com\/lp\/produto\/repousa\/\" \/>\n<meta property=\"og:site_name\" content=\"T&acirc;nia Freitas\" \/>\n<meta property=\"article:modified_time\" content=\"2026-04-18T15:29:22+00:00\" \/>\n<meta name=\"twitter:card\" content=\"summary_large_image\" \/>\n<script type=\"application\/ld+json\" class=\"yoast-schema-graph\">{\"@context\":\"https:\\\/\\\/schema.org\",\"@graph\":[{\"@type\":\"WebPage\",\"@id\":\"https:\\\/\\\/taniafreitas.com\\\/lp\\\/produto\\\/repousa\\\/\",\"url\":\"https:\\\/\\\/taniafreitas.com\\\/lp\\\/produto\\\/repousa\\\/\",\"name\":\"Repousa - T&acirc;nia Freitas\",\"isPartOf\":{\"@id\":\"https:\\\/\\\/taniafreitas.com\\\/lp\\\/#website\"},\"datePublished\":\"2025-07-08T10:29:23+00:00\",\"dateModified\":\"2026-04-18T15:29:22+00:00\",\"breadcrumb\":{\"@id\":\"https:\\\/\\\/taniafreitas.com\\\/lp\\\/produto\\\/repousa\\\/#breadcrumb\"},\"inLanguage\":\"pt-PT\",\"potentialAction\":[{\"@type\":\"ReadAction\",\"target\":[\"https:\\\/\\\/taniafreitas.com\\\/lp\\\/produto\\\/repousa\\\/\"]}]},{\"@type\":\"BreadcrumbList\",\"@id\":\"https:\\\/\\\/taniafreitas.com\\\/lp\\\/produto\\\/repousa\\\/#breadcrumb\",\"itemListElement\":[{\"@type\":\"ListItem\",\"position\":1,\"name\":\"In\u00edcio\",\"item\":\"https:\\\/\\\/taniafreitas.com\\\/lp\\\/\"},{\"@type\":\"ListItem\",\"position\":2,\"name\":\"Loja\",\"item\":\"https:\\\/\\\/taniafreitas.com\\\/lp\\\/\"},{\"@type\":\"ListItem\",\"position\":3,\"name\":\"Repousa\"}]},{\"@type\":\"WebSite\",\"@id\":\"https:\\\/\\\/taniafreitas.com\\\/lp\\\/#website\",\"url\":\"https:\\\/\\\/taniafreitas.com\\\/lp\\\/\",\"name\":\"taniafreitas.com\",\"description\":\"T\u00e2niaFreitas\",\"publisher\":{\"@id\":\"https:\\\/\\\/taniafreitas.com\\\/lp\\\/#\\\/schema\\\/person\\\/b8038c06aa1ee1ea2ce4490dc736b834\"},\"potentialAction\":[{\"@type\":\"SearchAction\",\"target\":{\"@type\":\"EntryPoint\",\"urlTemplate\":\"https:\\\/\\\/taniafreitas.com\\\/lp\\\/?s={search_term_string}\"},\"query-input\":{\"@type\":\"PropertyValueSpecification\",\"valueRequired\":true,\"valueName\":\"search_term_string\"}}],\"inLanguage\":\"pt-PT\"},{\"@type\":[\"Person\",\"Organization\"],\"@id\":\"https:\\\/\\\/taniafreitas.com\\\/lp\\\/#\\\/schema\\\/person\\\/b8038c06aa1ee1ea2ce4490dc736b834\",\"name\":\"taniafreitas\",\"image\":{\"@type\":\"ImageObject\",\"inLanguage\":\"pt-PT\",\"@id\":\"https:\\\/\\\/secure.gravatar.com\\\/avatar\\\/437b3b12a8e0536e1001313623c73e847d24c865eadfd9555a8d6e6d71e799c1?s=96&d=mm&r=g\",\"url\":\"https:\\\/\\\/secure.gravatar.com\\\/avatar\\\/437b3b12a8e0536e1001313623c73e847d24c865eadfd9555a8d6e6d71e799c1?s=96&d=mm&r=g\",\"contentUrl\":\"https:\\\/\\\/secure.gravatar.com\\\/avatar\\\/437b3b12a8e0536e1001313623c73e847d24c865eadfd9555a8d6e6d71e799c1?s=96&d=mm&r=g\",\"caption\":\"taniafreitas\"},\"logo\":{\"@id\":\"https:\\\/\\\/secure.gravatar.com\\\/avatar\\\/437b3b12a8e0536e1001313623c73e847d24c865eadfd9555a8d6e6d71e799c1?s=96&d=mm&r=g\"},\"sameAs\":[\"https:\\\/\\\/taniafreitas.com\\\/lp\"]}]}<\/script>\n<!-- \/ Yoast SEO plugin. -->","yoast_head_json":{"title":"Repousa - T&acirc;nia Freitas","robots":{"index":"index","follow":"follow","max-snippet":"max-snippet:-1","max-image-preview":"max-image-preview:large","max-video-preview":"max-video-preview:-1"},"canonical":"https:\/\/taniafreitas.com\/lp\/produto\/repousa\/","og_locale":"pt_PT","og_type":"article","og_title":"Repousa - T&acirc;nia Freitas","og_description":"Chegou o momento de escolheres descansar de verdade. E n\u00e3o, n\u00e3o \u00e9 s\u00f3 dormir\u2026","og_url":"https:\/\/taniafreitas.com\/lp\/produto\/repousa\/","og_site_name":"T&acirc;nia Freitas","article_modified_time":"2026-04-18T15:29:22+00:00","twitter_card":"summary_large_image","schema":{"@context":"https:\/\/schema.org","@graph":[{"@type":"WebPage","@id":"https:\/\/taniafreitas.com\/lp\/produto\/repousa\/","url":"https:\/\/taniafreitas.com\/lp\/produto\/repousa\/","name":"Repousa - T&acirc;nia Freitas","isPartOf":{"@id":"https:\/\/taniafreitas.com\/lp\/#website"},"datePublished":"2025-07-08T10:29:23+00:00","dateModified":"2026-04-18T15:29:22+00:00","breadcrumb":{"@id":"https:\/\/taniafreitas.com\/lp\/produto\/repousa\/#breadcrumb"},"inLanguage":"pt-PT","potentialAction":[{"@type":"ReadAction","target":["https:\/\/taniafreitas.com\/lp\/produto\/repousa\/"]}]},{"@type":"BreadcrumbList","@id":"https:\/\/taniafreitas.com\/lp\/produto\/repousa\/#breadcrumb","itemListElement":[{"@type":"ListItem","position":1,"name":"In\u00edcio","item":"https:\/\/taniafreitas.com\/lp\/"},{"@type":"ListItem","position":2,"name":"Loja","item":"https:\/\/taniafreitas.com\/lp\/"},{"@type":"ListItem","position":3,"name":"Repousa"}]},{"@type":"WebSite","@id":"https:\/\/taniafreitas.com\/lp\/#website","url":"https:\/\/taniafreitas.com\/lp\/","name":"taniafreitas.com","description":"T\u00e2niaFreitas","publisher":{"@id":"https:\/\/taniafreitas.com\/lp\/#\/schema\/person\/b8038c06aa1ee1ea2ce4490dc736b834"},"potentialAction":[{"@type":"SearchAction","target":{"@type":"EntryPoint","urlTemplate":"https:\/\/taniafreitas.com\/lp\/?s={search_term_string}"},"query-input":{"@type":"PropertyValueSpecification","valueRequired":true,"valueName":"search_term_string"}}],"inLanguage":"pt-PT"},{"@type":["Person","Organization"],"@id":"https:\/\/taniafreitas.com\/lp\/#\/schema\/person\/b8038c06aa1ee1ea2ce4490dc736b834","name":"taniafreitas","image":{"@type":"ImageObject","inLanguage":"pt-PT","@id":"https:\/\/secure.gravatar.com\/avatar\/437b3b12a8e0536e1001313623c73e847d24c865eadfd9555a8d6e6d71e799c1?s=96&d=mm&r=g","url":"https:\/\/secure.gravatar.com\/avatar\/437b3b12a8e0536e1001313623c73e847d24c865eadfd9555a8d6e6d71e799c1?s=96&d=mm&r=g","contentUrl":"https:\/\/secure.gravatar.com\/avatar\/437b3b12a8e0536e1001313623c73e847d24c865eadfd9555a8d6e6d71e799c1?s=96&d=mm&r=g","caption":"taniafreitas"},"logo":{"@id":"https:\/\/secure.gravatar.com\/avatar\/437b3b12a8e0536e1001313623c73e847d24c865eadfd9555a8d6e6d71e799c1?s=96&d=mm&r=g"},"sameAs":["https:\/\/taniafreitas.com\/lp"]}]}},"_links":{"self":[{"href":"https:\/\/taniafreitas.com\/lp\/wp-json\/wp\/v2\/product\/246","targetHints":{"allow":["GET"]}}],"collection":[{"href":"https:\/\/taniafreitas.com\/lp\/wp-json\/wp\/v2\/product"}],"about":[{"href":"https:\/\/taniafreitas.com\/lp\/wp-json\/wp\/v2\/types\/product"}],"replies":[{"embeddable":true,"href":"https:\/\/taniafreitas.com\/lp\/wp-json\/wp\/v2\/comments?post=246"}],"wp:attachment":[{"href":"https:\/\/taniafreitas.com\/lp\/wp-json\/wp\/v2\/media?parent=246"}],"wp:term":[{"taxonomy":"product_brand","embeddable":true,"href":"https:\/\/taniafreitas.com\/lp\/wp-json\/wp\/v2\/product_brand?post=246"},{"taxonomy":"product_cat","embeddable":true,"href":"https:\/\/taniafreitas.com\/lp\/wp-json\/wp\/v2\/product_cat?post=246"},{"taxonomy":"product_tag","embeddable":true,"href":"https:\/\/taniafreitas.com\/lp\/wp-json\/wp\/v2\/product_tag?post=246"}],"curies":[{"name":"wp","href":"https:\/\/api.w.org\/{rel}","templated":true}]}}