{"id":118,"date":"2025-07-14T15:33:24","date_gmt":"2025-07-14T15:33:24","guid":{"rendered":"https:\/\/taniafreitas.com\/lp\/?page_id=118"},"modified":"2025-10-03T08:31:17","modified_gmt":"2025-10-03T08:31:17","slug":"termoscondicoes","status":"publish","type":"page","link":"https:\/\/taniafreitas.com\/lp\/termoscondicoes\/","title":{"rendered":"Termos e Condi\u00e7\u00f5es"},"content":{"rendered":"\n<p><br><\/p>\n\n\n\n<h2 class=\"wp-block-heading\">Termos e condi\u00e7\u00f5es gerais<\/h2>\n\n\n\n<p>Os presentes termos estabelecem as Condi\u00e7\u00f5es Gerais de utiliza\u00e7\u00e3o e as Condi\u00e7\u00f5es Gerais da Venda de infoprodutos da p\u00e1gina www.taniafreitas.com\/lp<br>A navega\u00e7\u00e3o no website e\/ou a compra de qualquer produto atrav\u00e9s do mesmo, implica a aceita\u00e7\u00e3o das presentes condi\u00e7\u00f5es gerais.<br>As presentes condi\u00e7\u00f5es gerais de venda s\u00e3o acordadas entre T\u00e2nia Freitas e o consumidor que efetue compras atrav\u00e9s do website&nbsp;www.taniafreitas.com\/lp<br>A T\u00e2nia Freitas reserva-se o direito de, a qualquer momento, sem necessidade de aviso pr\u00e9vio e com efeitos imediatos, atualizar ou eliminar, parcial ou totalmente, os presentes Termos e Condi\u00e7\u00f5es.<br>Titularidade da loja online<br>O dom\u00ednio e a loja online, designada por&nbsp;www.taniafreitas.com \u00e9 propriedade de T\u00e2nia Freitas, com domic\u00edlio fiscal na Rua 43, n.\u00ba 3, Trutas 2430-520 Marinha Grande, titular do NIF 235457892.<br>\u00c2mbito de Aplica\u00e7\u00e3o<br>Os presentes Termos e Condi\u00e7\u00f5es Gerais regulam a visita e as opera\u00e7\u00f5es de compra e venda efetuadas na loja online, entre qualquer pessoa singular que a utilize com objetivo meramente pessoal, enquanto consumidor final, sem qualquer inten\u00e7\u00e3o de revender os infoprodutos e a T\u00e2nia Freitas, enquanto pessoa respons\u00e1vel pela comercializa\u00e7\u00e3o dos produtos que se encontram descritos na loja online.<br>O utilizador compromete-se a utilizar este website em cumprimento pelo disposto na legisla\u00e7\u00e3o aplic\u00e1vel, abstendo-se de utilizar a presente p\u00e1gina para atividades contr\u00e1rias \u00e0 lei, \u00e0 moral e aos bons costumes, ou deveres ou direitos e interesses de terceiros.<br>Em geral, o consumidor deve de utilizar o site de forma respons\u00e1vel, prudente e cuidadosa, n\u00e3o devendo perturbar ou degradar a continuidade integridade e qualidade dos recursos e funcionalidades do mesmo.<br>A T\u00e2nia Freitas reconhece que a utiliza\u00e7\u00e3o que fa\u00e7a do site \u00e9 por sua conta e risco, sendo o \u00fanico respons\u00e1vel por qualquer dano causado ao seu sistema e\/ou equipamento inform\u00e1tico ou por outros danos ou preju\u00edzos, incluindo perda ou danifica\u00e7\u00e3o de dados, que resultem da utiliza\u00e7\u00e3o dos materiais, conte\u00fados ou informa\u00e7\u00f5es obtidas, por qualquer forma, atrav\u00e9s, do site.<br>Altera\u00e7\u00e3o das presentes Condi\u00e7\u00f5es<br>A T\u00e2nia Freitas reserva-se ao direito de alterar livremente e a qualquer momento as condi\u00e7\u00f5es gerais, de modo a adequ\u00e1-las \u00e0 legisla\u00e7\u00e3o aplic\u00e1vel em vigor, sem necessidade de pr\u00e9-aviso.<br>Reserva-se ainda o direito de modificar unilateralmente e em qualquer momento, sem aviso pr\u00e9vio, a apresenta\u00e7\u00e3o e conte\u00fado do website sobre o pre\u00e7o dos infoprodutos. Essas modifica\u00e7\u00f5es servir\u00e3o para uma melhoria do website, melhorando simultaneamente os servi\u00e7os oferecidos ao utilizador.<\/p>\n\n\n\n<p>Ap\u00f3s a compra ter\u00e1 acesso ao conte\u00fado no prazo de 24h ap\u00f3s a confirm\u00e7\u00e3o do pagamento.<\/p>\n\n\n\n<h2 class=\"wp-block-heading\">Copyright<\/h2>\n\n\n\n<p>Todo o conte\u00fado contemplado no presente site s\u00e3o propriedade da T\u00e2nia Freitas e criados pela mesma, a quem est\u00e3o reservados todos os direitos de propriedade intelectual.<br>Em caso de viola\u00e7\u00e3o, a equipa jur\u00eddica da T\u00e2nia Freitas usar\u00e1 os mecanismos legais de prote\u00e7\u00e3o de Direitos de Autor e Direitos Conexos aplic\u00e1veis para salvaguardar os legais interesses.<br>Informa\u00e7\u00e3o sobre os pre\u00e7os<br>Os custos do servi\u00e7o s\u00e3o por conta da cliente e acrescem ao total do valor dos produtos selecionados.<br>Os pre\u00e7os de venda ao p\u00fablico indicados na loja online s\u00e3o apresentados em euros (\u20ac) e est\u00e3o sujeitos \u00e0 tributa\u00e7\u00e3o do Imposto de Valor Acrescentado (IVA) \u00e0 taxa legal em vigor, quando aplic\u00e1vel. Valor esse que estar\u00e1 sempre inclu\u00eddo nos nossos pre\u00e7os.<br>O cliente ser\u00e1 informado destes encargos antes de confirmar o seu pedido e concluir o processo de compra.<br>A T\u00e2nia Freitas reserva-se o direito de alterar os pre\u00e7os em qualquer momento. No entanto, compromete-se a aplicar taxas e pre\u00e7os indicados no momento da realiza\u00e7\u00e3o do pedido da compra.<br>Em caso de ocorr\u00eancia de erro inform\u00e1tico, manual, t\u00e9cnico ou de qualquer outra origem desconhecida que cause uma altera\u00e7\u00e3o substancial n\u00e3o prevista pela T\u00e2nia Freitas no pre\u00e7o de venda ao p\u00fablico, o pedido da compra ser\u00e1 considerado inv\u00e1lido e anulado.<br>Processo de compra<br>Para efetuares uma compra, deves aceder a&nbsp;www.taniafreitas.com\/lp&nbsp;e seguir os passos indicados.<br>Para aceder ao(s) infoproduto(s) adquirido(s), basta ao utilizador ter acesso \u00e0 internet atrav\u00e9s de um computador, um tablet ou mesmo um telem\u00f3vel.<br>\u00e9 da responsabilidade da cliente assegurar-se que todos os dados necess\u00e1rios s\u00e3o indicados de forma correta e completa, pois s\u00f3 deste modo \u00e9 que a T\u00e2nia Freitas poder\u00e1 garantir a aceita\u00e7\u00e3o da encomenda e posterior entrega.<\/p>\n\n\n\n<h2 class=\"wp-block-heading\">Informa\u00e7\u00e3o<\/h2>\n\n\n\n<p>A T\u00e2nia Freitas reserva-se ao direito de, por sua livre iniciativa, proceder \u00e0 corre\u00e7\u00e3o de qualquer erro ou omiss\u00e3o em qualquer parte do website sem aviso pr\u00e9vio. A T\u00e2nia Freitas pode fazer quaisquer altera\u00e7\u00f5es ao site e aos pre\u00e7os em qualquer momento sem aviso pr\u00e9vio. O pre\u00e7o dos infoprodutos ser\u00e1 estipulado sempre no nosso web site, salvo erro tipogr\u00e1fico.<\/p>\n\n\n\n<h2 class=\"wp-block-heading\">Contactos<\/h2>\n\n\n\n<p>Para qualquer quest\u00e3o, entre em contacto atrav\u00e9s do e-mail:&nbsp;tania@taniafreitas.com<br>M\u00e9todos de pagamento<br>Na loja online, encontram-se dispon\u00edveis as seguintes modalidades de pagamento: MBWAY, MULTIBANCO e Transfer\u00eancia Banc\u00e1ria (mediante solicita\u00e7\u00e3o do IBAN).<br>Os Clientes dever\u00e3o apenas utilizar os m\u00e9todos de pagamento supra descritas.<br>No caso de optar pelo pagamento atrav\u00e9s de transfer\u00eancia banc\u00e1ria, posteriormente \u00e0 conclus\u00e3o da sua encomenda, o consumidor receber\u00e1 um email autom\u00e1tico com os dados necess\u00e1rios para efetuar a transa\u00e7\u00e3o.<br>Para que a expedi\u00e7\u00e3o da encomenda seja um processo c\u00e9lere, deve remeter o comprovativo de pagamento por email para&nbsp;tania@taniafreitas.com, com o n\u00famero da encomenda devidamente identificado, com o respetivo nome do consumidor.<br>O consumidor que optar pelo pagamento atrav\u00e9s de MBWAY, dever\u00e1 indicar na descri\u00e7\u00e3o o n\u00famero da encomenda, enviando o montante respetivo para o n\u00famero 916864568.<br><br><\/p>\n\n\n\n<h2 class=\"wp-block-heading\">Trocas\/Devolu\u00e7\u00f5es<\/h2>\n\n\n\n<p>De acordo com o DL 24\/2014, por se tratar de um infoproduto totalmente personalizado e suscet\u00edvel de ser visualizado ap\u00f3s a sua compra, a cliente N\u00c3O PODE EXERCER O DIREITO DE ARREPENDIMENTO&nbsp;nos 14 dias seguintes.<br><\/p>\n\n\n\n<p><\/p>\n\n\n\n<p><\/p>\n","protected":false},"excerpt":{"rendered":"<p>Termos e condi\u00e7\u00f5es gerais Os presentes termos estabelecem as Condi\u00e7\u00f5es Gerais de utiliza\u00e7\u00e3o e as Condi\u00e7\u00f5es Gerais da Venda de infoprodutos da p\u00e1gina www.taniafreitas.com\/lpA navega\u00e7\u00e3o no website e\/ou a compra de qualquer produto atrav\u00e9s do mesmo, implica a aceita\u00e7\u00e3o das presentes condi\u00e7\u00f5es gerais.As presentes condi\u00e7\u00f5es gerais de venda s\u00e3o acordadas entre T\u00e2nia Freitas e o [&hellip;]<\/p>\n","protected":false},"author":1,"featured_media":0,"parent":0,"menu_order":0,"comment_status":"closed","ping_status":"closed","template":"","meta":{"footnotes":""},"class_list":["post-118","page","type-page","status-publish","hentry"],"yoast_head":"<!-- This site is optimized with the Yoast SEO plugin v27.5 - https:\/\/yoast.com\/product\/yoast-seo-wordpress\/ -->\n<title>Termos e Condi\u00e7\u00f5es - T&acirc;nia Freitas<\/title>\n<meta name=\"robots\" content=\"index, follow, max-snippet:-1, max-image-preview:large, max-video-preview:-1\" \/>\n<link rel=\"canonical\" href=\"https:\/\/taniafreitas.com\/lp\/termoscondicoes\/\" \/>\n<meta property=\"og:locale\" content=\"pt_PT\" \/>\n<meta property=\"og:type\" content=\"article\" \/>\n<meta property=\"og:title\" content=\"Termos e Condi\u00e7\u00f5es - T&acirc;nia Freitas\" \/>\n<meta property=\"og:description\" content=\"Termos e condi\u00e7\u00f5es gerais Os presentes termos estabelecem as Condi\u00e7\u00f5es Gerais de utiliza\u00e7\u00e3o e as Condi\u00e7\u00f5es Gerais da Venda de infoprodutos da p\u00e1gina www.taniafreitas.com\/lpA navega\u00e7\u00e3o no website e\/ou a compra de qualquer produto atrav\u00e9s do mesmo, implica a aceita\u00e7\u00e3o das presentes condi\u00e7\u00f5es gerais.As presentes condi\u00e7\u00f5es gerais de venda s\u00e3o acordadas entre T\u00e2nia Freitas e o [&hellip;]\" \/>\n<meta property=\"og:url\" content=\"https:\/\/taniafreitas.com\/lp\/termoscondicoes\/\" \/>\n<meta property=\"og:site_name\" content=\"T&acirc;nia Freitas\" \/>\n<meta property=\"article:modified_time\" content=\"2025-10-03T08:31:17+00:00\" \/>\n<meta name=\"twitter:card\" content=\"summary_large_image\" \/>\n<meta name=\"twitter:label1\" content=\"Tempo estimado de leitura\" \/>\n\t<meta name=\"twitter:data1\" content=\"6 minutos\" \/>\n<script type=\"application\/ld+json\" class=\"yoast-schema-graph\">{\"@context\":\"https:\\\/\\\/schema.org\",\"@graph\":[{\"@type\":\"WebPage\",\"@id\":\"https:\\\/\\\/taniafreitas.com\\\/lp\\\/termoscondicoes\\\/\",\"url\":\"https:\\\/\\\/taniafreitas.com\\\/lp\\\/termoscondicoes\\\/\",\"name\":\"Termos e Condi\u00e7\u00f5es - T&acirc;nia Freitas\",\"isPartOf\":{\"@id\":\"https:\\\/\\\/taniafreitas.com\\\/lp\\\/#website\"},\"datePublished\":\"2025-07-14T15:33:24+00:00\",\"dateModified\":\"2025-10-03T08:31:17+00:00\",\"breadcrumb\":{\"@id\":\"https:\\\/\\\/taniafreitas.com\\\/lp\\\/termoscondicoes\\\/#breadcrumb\"},\"inLanguage\":\"pt-PT\",\"potentialAction\":[{\"@type\":\"ReadAction\",\"target\":[\"https:\\\/\\\/taniafreitas.com\\\/lp\\\/termoscondicoes\\\/\"]}]},{\"@type\":\"BreadcrumbList\",\"@id\":\"https:\\\/\\\/taniafreitas.com\\\/lp\\\/termoscondicoes\\\/#breadcrumb\",\"itemListElement\":[{\"@type\":\"ListItem\",\"position\":1,\"name\":\"In\u00edcio\",\"item\":\"https:\\\/\\\/taniafreitas.com\\\/lp\\\/\"},{\"@type\":\"ListItem\",\"position\":2,\"name\":\"Termos e Condi\u00e7\u00f5es\"}]},{\"@type\":\"WebSite\",\"@id\":\"https:\\\/\\\/taniafreitas.com\\\/lp\\\/#website\",\"url\":\"https:\\\/\\\/taniafreitas.com\\\/lp\\\/\",\"name\":\"taniafreitas.com\",\"description\":\"T\u00e2niaFreitas\",\"publisher\":{\"@id\":\"https:\\\/\\\/taniafreitas.com\\\/lp\\\/#\\\/schema\\\/person\\\/b8038c06aa1ee1ea2ce4490dc736b834\"},\"potentialAction\":[{\"@type\":\"SearchAction\",\"target\":{\"@type\":\"EntryPoint\",\"urlTemplate\":\"https:\\\/\\\/taniafreitas.com\\\/lp\\\/?s={search_term_string}\"},\"query-input\":{\"@type\":\"PropertyValueSpecification\",\"valueRequired\":true,\"valueName\":\"search_term_string\"}}],\"inLanguage\":\"pt-PT\"},{\"@type\":[\"Person\",\"Organization\"],\"@id\":\"https:\\\/\\\/taniafreitas.com\\\/lp\\\/#\\\/schema\\\/person\\\/b8038c06aa1ee1ea2ce4490dc736b834\",\"name\":\"taniafreitas\",\"image\":{\"@type\":\"ImageObject\",\"inLanguage\":\"pt-PT\",\"@id\":\"https:\\\/\\\/secure.gravatar.com\\\/avatar\\\/437b3b12a8e0536e1001313623c73e847d24c865eadfd9555a8d6e6d71e799c1?s=96&d=mm&r=g\",\"url\":\"https:\\\/\\\/secure.gravatar.com\\\/avatar\\\/437b3b12a8e0536e1001313623c73e847d24c865eadfd9555a8d6e6d71e799c1?s=96&d=mm&r=g\",\"contentUrl\":\"https:\\\/\\\/secure.gravatar.com\\\/avatar\\\/437b3b12a8e0536e1001313623c73e847d24c865eadfd9555a8d6e6d71e799c1?s=96&d=mm&r=g\",\"caption\":\"taniafreitas\"},\"logo\":{\"@id\":\"https:\\\/\\\/secure.gravatar.com\\\/avatar\\\/437b3b12a8e0536e1001313623c73e847d24c865eadfd9555a8d6e6d71e799c1?s=96&d=mm&r=g\"},\"sameAs\":[\"https:\\\/\\\/taniafreitas.com\\\/lp\"]}]}<\/script>\n<!-- \/ Yoast SEO plugin. -->","yoast_head_json":{"title":"Termos e Condi\u00e7\u00f5es - T&acirc;nia Freitas","robots":{"index":"index","follow":"follow","max-snippet":"max-snippet:-1","max-image-preview":"max-image-preview:large","max-video-preview":"max-video-preview:-1"},"canonical":"https:\/\/taniafreitas.com\/lp\/termoscondicoes\/","og_locale":"pt_PT","og_type":"article","og_title":"Termos e Condi\u00e7\u00f5es - T&acirc;nia Freitas","og_description":"Termos e condi\u00e7\u00f5es gerais Os presentes termos estabelecem as Condi\u00e7\u00f5es Gerais de utiliza\u00e7\u00e3o e as Condi\u00e7\u00f5es Gerais da Venda de infoprodutos da p\u00e1gina www.taniafreitas.com\/lpA navega\u00e7\u00e3o no website e\/ou a compra de qualquer produto atrav\u00e9s do mesmo, implica a aceita\u00e7\u00e3o das presentes condi\u00e7\u00f5es gerais.As presentes condi\u00e7\u00f5es gerais de venda s\u00e3o acordadas entre T\u00e2nia Freitas e o [&hellip;]","og_url":"https:\/\/taniafreitas.com\/lp\/termoscondicoes\/","og_site_name":"T&acirc;nia Freitas","article_modified_time":"2025-10-03T08:31:17+00:00","twitter_card":"summary_large_image","twitter_misc":{"Tempo estimado de leitura":"6 minutos"},"schema":{"@context":"https:\/\/schema.org","@graph":[{"@type":"WebPage","@id":"https:\/\/taniafreitas.com\/lp\/termoscondicoes\/","url":"https:\/\/taniafreitas.com\/lp\/termoscondicoes\/","name":"Termos e Condi\u00e7\u00f5es - T&acirc;nia Freitas","isPartOf":{"@id":"https:\/\/taniafreitas.com\/lp\/#website"},"datePublished":"2025-07-14T15:33:24+00:00","dateModified":"2025-10-03T08:31:17+00:00","breadcrumb":{"@id":"https:\/\/taniafreitas.com\/lp\/termoscondicoes\/#breadcrumb"},"inLanguage":"pt-PT","potentialAction":[{"@type":"ReadAction","target":["https:\/\/taniafreitas.com\/lp\/termoscondicoes\/"]}]},{"@type":"BreadcrumbList","@id":"https:\/\/taniafreitas.com\/lp\/termoscondicoes\/#breadcrumb","itemListElement":[{"@type":"ListItem","position":1,"name":"In\u00edcio","item":"https:\/\/taniafreitas.com\/lp\/"},{"@type":"ListItem","position":2,"name":"Termos e Condi\u00e7\u00f5es"}]},{"@type":"WebSite","@id":"https:\/\/taniafreitas.com\/lp\/#website","url":"https:\/\/taniafreitas.com\/lp\/","name":"taniafreitas.com","description":"T\u00e2niaFreitas","publisher":{"@id":"https:\/\/taniafreitas.com\/lp\/#\/schema\/person\/b8038c06aa1ee1ea2ce4490dc736b834"},"potentialAction":[{"@type":"SearchAction","target":{"@type":"EntryPoint","urlTemplate":"https:\/\/taniafreitas.com\/lp\/?s={search_term_string}"},"query-input":{"@type":"PropertyValueSpecification","valueRequired":true,"valueName":"search_term_string"}}],"inLanguage":"pt-PT"},{"@type":["Person","Organization"],"@id":"https:\/\/taniafreitas.com\/lp\/#\/schema\/person\/b8038c06aa1ee1ea2ce4490dc736b834","name":"taniafreitas","image":{"@type":"ImageObject","inLanguage":"pt-PT","@id":"https:\/\/secure.gravatar.com\/avatar\/437b3b12a8e0536e1001313623c73e847d24c865eadfd9555a8d6e6d71e799c1?s=96&d=mm&r=g","url":"https:\/\/secure.gravatar.com\/avatar\/437b3b12a8e0536e1001313623c73e847d24c865eadfd9555a8d6e6d71e799c1?s=96&d=mm&r=g","contentUrl":"https:\/\/secure.gravatar.com\/avatar\/437b3b12a8e0536e1001313623c73e847d24c865eadfd9555a8d6e6d71e799c1?s=96&d=mm&r=g","caption":"taniafreitas"},"logo":{"@id":"https:\/\/secure.gravatar.com\/avatar\/437b3b12a8e0536e1001313623c73e847d24c865eadfd9555a8d6e6d71e799c1?s=96&d=mm&r=g"},"sameAs":["https:\/\/taniafreitas.com\/lp"]}]}},"_links":{"self":[{"href":"https:\/\/taniafreitas.com\/lp\/wp-json\/wp\/v2\/pages\/118","targetHints":{"allow":["GET"]}}],"collection":[{"href":"https:\/\/taniafreitas.com\/lp\/wp-json\/wp\/v2\/pages"}],"about":[{"href":"https:\/\/taniafreitas.com\/lp\/wp-json\/wp\/v2\/types\/page"}],"author":[{"embeddable":true,"href":"https:\/\/taniafreitas.com\/lp\/wp-json\/wp\/v2\/users\/1"}],"replies":[{"embeddable":true,"href":"https:\/\/taniafreitas.com\/lp\/wp-json\/wp\/v2\/comments?post=118"}],"version-history":[{"count":4,"href":"https:\/\/taniafreitas.com\/lp\/wp-json\/wp\/v2\/pages\/118\/revisions"}],"predecessor-version":[{"id":357,"href":"https:\/\/taniafreitas.com\/lp\/wp-json\/wp\/v2\/pages\/118\/revisions\/357"}],"wp:attachment":[{"href":"https:\/\/taniafreitas.com\/lp\/wp-json\/wp\/v2\/media?parent=118"}],"curies":[{"name":"wp","href":"https:\/\/api.w.org\/{rel}","templated":true}]}}